{"id":1453,"date":"2026-02-04T17:35:54","date_gmt":"2026-02-04T15:35:54","guid":{"rendered":"https:\/\/new.darzstev.lv\/?page_id=1453"},"modified":"2026-04-09T09:29:02","modified_gmt":"2026-04-09T07:29:02","slug":"pieteikt-konsultaciju","status":"publish","type":"page","link":"https:\/\/darzstev.lv\/lv\/pieteikt-konsultaciju\/","title":{"rendered":"Pieteikt konsult\u0101ciju"},"content":{"rendered":"<div id='welcome'  class='av-layout-grid-container av-pt6lst-1146fa16afa973d630322a1dc623cd00 entry-content-wrapper main_color av-fixed-cells  avia-builder-el-0  el_before_av_layout_row  avia-builder-el-first   container_wrap sidebar_right'  >\n\n<style type=\"text\/css\" data-created_by=\"avia_inline_auto\" id=\"style-css-av-ml86szyi-fd286329ab2ddc34be3e4a05c0c6bc23\">\n.flex_cell.av-ml86szyi-fd286329ab2ddc34be3e4a05c0c6bc23{\nvertical-align:top;\nheight:15px;\nmin-height:15px;\nbackground-color:#1b2a34;\n}\n.responsive #top #wrap_all .flex_cell.av-ml86szyi-fd286329ab2ddc34be3e4a05c0c6bc23{\npadding:0px 0px 0px 0px !important;\n}\n<\/style>\n<div class='flex_cell av-ml86szyi-fd286329ab2ddc34be3e4a05c0c6bc23 av-gridrow-cell av_one_fourth no_margin  avia-builder-el-1  el_before_av_cell_one_fourth  avia-builder-el-first  content-align-top av-zero-padding'  ><div class='flex_cell_inner'><\/div><\/div>\n<style type=\"text\/css\" data-created_by=\"avia_inline_auto\" id=\"style-css-av-ml86t7vc-46169d43de323465993bedc7610fd49b\">\n.flex_cell.av-ml86t7vc-46169d43de323465993bedc7610fd49b{\nvertical-align:top;\nheight:15px;\nmin-height:15px;\nbackground-color:#36454f;\n}\n.responsive #top #wrap_all .flex_cell.av-ml86t7vc-46169d43de323465993bedc7610fd49b{\npadding:0px 0px 0px 0px !important;\n}\n<\/style>\n<div class='flex_cell av-ml86t7vc-46169d43de323465993bedc7610fd49b av-gridrow-cell av_one_fourth no_margin  avia-builder-el-2  el_after_av_cell_one_fourth  el_before_av_cell_one_fourth  content-align-top av-zero-padding'  ><div class='flex_cell_inner'><\/div><\/div>\n<style type=\"text\/css\" data-created_by=\"avia_inline_auto\" id=\"style-css-av-ml86tfin-4bcddf6e9c4338b4f026bfdc42946c1f\">\n.flex_cell.av-ml86tfin-4bcddf6e9c4338b4f026bfdc42946c1f{\nvertical-align:top;\nheight:15px;\nmin-height:15px;\nbackground-color:#000000;\n}\n.responsive #top #wrap_all .flex_cell.av-ml86tfin-4bcddf6e9c4338b4f026bfdc42946c1f{\npadding:0px 0px 0px 0px !important;\n}\n<\/style>\n<div class='flex_cell av-ml86tfin-4bcddf6e9c4338b4f026bfdc42946c1f av-gridrow-cell av_one_fourth no_margin  avia-builder-el-3  el_after_av_cell_one_fourth  el_before_av_cell_one_fourth  content-align-top av-zero-padding'  ><div class='flex_cell_inner'><\/div><\/div>\n<style type=\"text\/css\" data-created_by=\"avia_inline_auto\" id=\"style-css-av-ml86tndv-e8a0bd71ec174de1b8e18c32e26f99a0\">\n.flex_cell.av-ml86tndv-e8a0bd71ec174de1b8e18c32e26f99a0{\nvertical-align:top;\nheight:15px;\nmin-height:15px;\nbackground-color:#2a3439;\n}\n.responsive #top #wrap_all .flex_cell.av-ml86tndv-e8a0bd71ec174de1b8e18c32e26f99a0{\npadding:0px 0px 0px 0px !important;\n}\n<\/style>\n<div class='flex_cell av-ml86tndv-e8a0bd71ec174de1b8e18c32e26f99a0 av-gridrow-cell av_one_fourth no_margin  avia-builder-el-4  el_after_av_cell_one_fourth  avia-builder-el-last  content-align-top av-zero-padding'  ><div class='flex_cell_inner'><\/div><\/div>\n<\/div>\n<div id='hello'  class='av-layout-grid-container av-nn3tj1-355468c8729d80c32c33cd4201614f4d entry-content-wrapper main_color av-flex-cells  avia-builder-el-5  el_after_av_layout_row  el_before_av_layout_row  grid-row-not-first  container_wrap sidebar_right'  >\n\n<style type=\"text\/css\" data-created_by=\"avia_inline_auto\" id=\"style-css-av-mc9fnh-c10a2c70f8389a801c62b9d2b2fcd6f8\">\n.flex_cell.av-mc9fnh-c10a2c70f8389a801c62b9d2b2fcd6f8{\nvertical-align:top;\n}\n.responsive #top #wrap_all .flex_cell.av-mc9fnh-c10a2c70f8389a801c62b9d2b2fcd6f8{\npadding:100px 100px 100px 100px !important;\n}\n\n@media only screen and (min-width: 768px) and (max-width: 989px){ \n.responsive #top #wrap_all .flex_cell.av-mc9fnh-c10a2c70f8389a801c62b9d2b2fcd6f8{\npadding:30px 30px 30px 30px !important;\n}\n}\n\n@media only screen and (min-width: 480px) and (max-width: 767px){ \n.responsive #top #wrap_all .flex_cell.av-mc9fnh-c10a2c70f8389a801c62b9d2b2fcd6f8{\npadding:30px 30px 30px 30px !important;\n}\n}\n\n@media only screen and (max-width: 479px){ \n.responsive #top #wrap_all .flex_cell.av-mc9fnh-c10a2c70f8389a801c62b9d2b2fcd6f8{\npadding:30px 30px 30px 30px !important;\n}\n}\n<\/style>\n<div class='flex_cell av-mc9fnh-c10a2c70f8389a801c62b9d2b2fcd6f8 av-gridrow-cell av_two_fifth no_margin  avia-builder-el-6  el_before_av_cell_three_fifth  avia-builder-el-first  content-align-top'  ><div class='flex_cell_inner'><p>\n<style type=\"text\/css\" data-created_by=\"avia_inline_auto\" id=\"style-css-av-ml86tzbc-b4eb54669fd064d34049b6d965e9959e\">\n#top .av-special-heading.av-ml86tzbc-b4eb54669fd064d34049b6d965e9959e{\npadding-bottom:30px;\nfont-size:70px;\n}\nbody .av-special-heading.av-ml86tzbc-b4eb54669fd064d34049b6d965e9959e .av-special-heading-tag .heading-char{\nfont-size:25px;\n}\n#top #wrap_all .av-special-heading.av-ml86tzbc-b4eb54669fd064d34049b6d965e9959e .av-special-heading-tag{\nfont-size:70px;\n}\n.av-special-heading.av-ml86tzbc-b4eb54669fd064d34049b6d965e9959e .av-subheading{\nfont-size:15px;\n}\n\n@media only screen and (min-width: 480px) and (max-width: 767px){ \n#top #wrap_all .av-special-heading.av-ml86tzbc-b4eb54669fd064d34049b6d965e9959e .av-special-heading-tag{\nfont-size:0.8em;\n}\n}\n\n@media only screen and (max-width: 479px){ \n#top #wrap_all .av-special-heading.av-ml86tzbc-b4eb54669fd064d34049b6d965e9959e .av-special-heading-tag{\nfont-size:0.8em;\n}\n}\n<\/style>\n<div  class='av-special-heading av-ml86tzbc-b4eb54669fd064d34049b6d965e9959e av-special-heading-h1 blockquote modern-quote  avia-builder-el-7  el_before_av_textblock  avia-builder-el-first  av-inherit-size'><h1 class='av-special-heading-tag '  itemprop=\"headline\"  >Pieteikt <u>konsult\u0101ciju<\/u><\/h1><div class=\"special-heading-border\"><div class=\"special-heading-inner-border\"><\/div><\/div><\/div><br \/>\n<section  class='av_textblock_section av-ml86uej9-dbc03fa4db91ccb37462fabd2df9eced '   itemscope=\"itemscope\" itemtype=\"https:\/\/schema.org\/CreativeWork\" ><div class='avia_textblock'  itemprop=\"text\" ><p>Aizpildi anketu un piesakies konsult\u0101cijai.<\/p>\n<p>Lauki ar zvaigzn\u012bti { <strong>*<\/strong> } ir j\u0101aizpilda <strong>oblig\u0101ti<\/strong>.<\/p>\n<p>Pieteiktais datums iesp\u0113jams tikai n\u0101kotn\u0113.<\/p>\n<\/div><\/section><br \/>\n<div  class='hr av-2ek8rh-b03178a73443a82ba7feae3cdc218679 hr-default  avia-builder-el-9  el_after_av_textblock  el_before_av_textblock '><span class='hr-inner '><span class=\"hr-inner-style\"><\/span><\/span><\/div><br \/>\n<section  class='av_textblock_section av-mm9i3m36-9971a28ca70327b654b3bc889ae0ffe7 '   itemscope=\"itemscope\" itemtype=\"https:\/\/schema.org\/CreativeWork\" ><div class='avia_textblock'  itemprop=\"text\" ><p>Kontaktt\u0101lrunis: +371-20402222<\/p>\n<p>E-Pasts: <a href=\"mailto:info@darzstev.lv\">info@darzstev.lv<\/a><\/p>\n<\/div><\/section><\/p>\n<\/div><\/div>\n<style type=\"text\/css\" data-created_by=\"avia_inline_auto\" id=\"style-css-av-l83ym5-115c0038cb94d3ca0d87ff4302195e6b\">\n.flex_cell.av-l83ym5-115c0038cb94d3ca0d87ff4302195e6b{\nvertical-align:top;\nbackground-color:#1b2a34;\n}\n.responsive #top #wrap_all .flex_cell.av-l83ym5-115c0038cb94d3ca0d87ff4302195e6b{\npadding:50px 50px 50px 50px !important;\n}\n\n@media only screen and (min-width: 768px) and (max-width: 989px){ \n.responsive #top #wrap_all .flex_cell.av-l83ym5-115c0038cb94d3ca0d87ff4302195e6b{\npadding:30px 30px 30px 30px !important;\n}\n}\n\n@media only screen and (min-width: 480px) and (max-width: 767px){ \n.responsive #top #wrap_all .flex_cell.av-l83ym5-115c0038cb94d3ca0d87ff4302195e6b{\npadding:30px 30px 30px 30px !important;\n}\n}\n\n@media only screen and (max-width: 479px){ \n.responsive #top #wrap_all .flex_cell.av-l83ym5-115c0038cb94d3ca0d87ff4302195e6b{\npadding:30px 30px 30px 30px !important;\n}\n}\n<\/style>\n<div class='flex_cell av-l83ym5-115c0038cb94d3ca0d87ff4302195e6b av-gridrow-cell av_three_fifth no_margin  avia-builder-el-11  el_after_av_cell_two_fifth  avia-builder-el-last  content-align-top avia-full-stretch'  ><div class='flex_cell_inner'>\n<style type=\"text\/css\" data-created_by=\"avia_inline_auto\" id=\"style-css-av-j5ukbx-5039fe8bbea2d9567e397d3116c8f0f9\">\n.flex_column.av-j5ukbx-5039fe8bbea2d9567e397d3116c8f0f9{\nborder-radius:0px 0px 0px 0px;\npadding:50px 50px 50px 50px;\nbackground-color:#ffffff;\n}\n\n@media only screen and (min-width: 768px) and (max-width: 989px){ \n.flex_column.av-j5ukbx-5039fe8bbea2d9567e397d3116c8f0f9{\npadding:30px 30px 30px 30px;\n}\n}\n\n@media only screen and (min-width: 480px) and (max-width: 767px){ \n.flex_column.av-j5ukbx-5039fe8bbea2d9567e397d3116c8f0f9{\npadding:30px 30px 30px 30px;\n}\n}\n\n@media only screen and (max-width: 479px){ \n.flex_column.av-j5ukbx-5039fe8bbea2d9567e397d3116c8f0f9{\npadding:30px 30px 30px 30px;\n}\n}\n<\/style>\n<div  class='flex_column av-j5ukbx-5039fe8bbea2d9567e397d3116c8f0f9 av_one_full  avia-builder-el-12  avia-builder-el-no-sibling  first flex_column_div avia-full-contain  '     ><form action=\"https:\/\/darzstev.lv\/lv\/pieteikt-konsultaciju\/\" method=\"post\" data-fields-with-error=\"Found errors in the following field(s):\" class=\"avia_ajax_form av-form-labels-visible   avia-builder-el-13  avia-builder-el-no-sibling   \" data-avia-form-id=\"1\" data-avia-redirect=''  aria-label='Contact Form' ><fieldset><p class='  first_form  form_element form_fullwidth' id='element_avia_1_1'><label for=\"avia_1_1\">V\u0101rds <abbr class=\"required\" title=\"required\">*<\/abbr><\/label> <input name=\"avia_1_1\" class=\"text_input is_empty\" type=\"text\" id=\"avia_1_1\" value=\"\" \/><\/p><p class='  first_form  form_element form_fullwidth' id='element_avia_2_1'><label for=\"avia_2_1\">E-Pasts <abbr class=\"required\" title=\"required\">*<\/abbr><\/label> <input name=\"avia_2_1\" class=\"text_input is_email\" type=\"text\" id=\"avia_2_1\" value=\"\" \/><\/p><p class='  first_form  form_element form_fullwidth' id='element_avia_3_1'><label for=\"avia_3_1\">Telefona Nr. <abbr class=\"required\" title=\"required\">*<\/abbr><\/label> <input name=\"avia_3_1\" class=\"text_input is_phone\" type=\"text\" id=\"avia_3_1\" value=\"\" \/><\/p><p class='  first_form  form_element form_fullwidth' id='element_avia_4_1'><label for=\"avia_4_1\">V\u0113lamais laiks konsult\u0101cijai<\/label> <input name=\"avia_4_1\" class=\"avia_datepicker text_input \" type=\"text\" id=\"avia_4_1\" value=\"\" placeholder=\"DD \/ MM \/ YY\" inputmode=\"none\" \/><\/p><p class='  first_form  form_element form_fullwidth av-last-visible-form-element' id='element_avia_5_1'><label for=\"avia_5_1\">Objekta atra\u0161\u0101n\u0101s vieta<\/label> <input name=\"avia_5_1\" class=\"text_input \" type=\"text\" id=\"avia_5_1\" value=\"\" \/><\/p><p class=\"hidden\"><input type=\"text\" name=\"avia_6_1\" class=\"hidden \" id=\"avia_6_1\" value=\"\" \/><\/p><p class=\"form_element \"><input type=\"hidden\" value=\"1\" name=\"avia_generated_form1\" \/><input type=\"submit\" value=\"Pieteikties\" class=\"button\"  data-sending-label=\"Sending\"\/><\/p><\/fieldset><\/form><div id=\"ajaxresponse_1\" class=\"ajaxresponse ajaxresponse_1 hidden\"><\/div><\/div>\n<\/div><\/div><\/div><div id='welcome'  class='av-layout-grid-container av-9qv7cd-fbba1df679105b5f8dd457b4866096ea entry-content-wrapper main_color av-fixed-cells  avia-builder-el-14  el_after_av_layout_row  avia-builder-el-last  grid-row-not-first  container_wrap sidebar_right'  >\n\n<style type=\"text\/css\" data-created_by=\"avia_inline_auto\" id=\"style-css-av-77xgel-9b28fea882d2d643dd56d7c8de84acd2\">\n.flex_cell.av-77xgel-9b28fea882d2d643dd56d7c8de84acd2{\nvertical-align:top;\nheight:15px;\nmin-height:15px;\nbackground-color:#1b2a34;\n}\n.responsive #top #wrap_all .flex_cell.av-77xgel-9b28fea882d2d643dd56d7c8de84acd2{\npadding:0px 0px 0px 0px !important;\n}\n<\/style>\n<div class='flex_cell av-77xgel-9b28fea882d2d643dd56d7c8de84acd2 av-gridrow-cell av_one_fourth no_margin  avia-builder-el-15  el_before_av_cell_one_fourth  avia-builder-el-first  content-align-top av-zero-padding'  ><div class='flex_cell_inner'><\/div><\/div>\n<style type=\"text\/css\" data-created_by=\"avia_inline_auto\" id=\"style-css-av-jp1t9-371c469b2da243acf4b2efc01688d8c6\">\n.flex_cell.av-jp1t9-371c469b2da243acf4b2efc01688d8c6{\nvertical-align:top;\nheight:15px;\nmin-height:15px;\nbackground-color:#36454f;\n}\n.responsive #top #wrap_all .flex_cell.av-jp1t9-371c469b2da243acf4b2efc01688d8c6{\npadding:0px 0px 0px 0px !important;\n}\n<\/style>\n<div class='flex_cell av-jp1t9-371c469b2da243acf4b2efc01688d8c6 av-gridrow-cell av_one_fourth no_margin  avia-builder-el-16  el_after_av_cell_one_fourth  el_before_av_cell_one_fourth  content-align-top av-zero-padding'  ><div class='flex_cell_inner'><\/div><\/div>\n<style type=\"text\/css\" data-created_by=\"avia_inline_auto\" id=\"style-css-av-4omf2l-81ff83fb3e29caf4b5e429a7f338f927\">\n.flex_cell.av-4omf2l-81ff83fb3e29caf4b5e429a7f338f927{\nvertical-align:top;\nheight:15px;\nmin-height:15px;\nbackground-color:#000000;\n}\n.responsive #top #wrap_all .flex_cell.av-4omf2l-81ff83fb3e29caf4b5e429a7f338f927{\npadding:0px 0px 0px 0px !important;\n}\n<\/style>\n<div class='flex_cell av-4omf2l-81ff83fb3e29caf4b5e429a7f338f927 av-gridrow-cell av_one_fourth no_margin  avia-builder-el-17  el_after_av_cell_one_fourth  el_before_av_cell_one_fourth  content-align-top av-zero-padding'  ><div class='flex_cell_inner'><\/div><\/div>\n<style type=\"text\/css\" data-created_by=\"avia_inline_auto\" id=\"style-css-av-2huzgd-3542b030485b26a92a123b26d169ce2b\">\n.flex_cell.av-2huzgd-3542b030485b26a92a123b26d169ce2b{\nvertical-align:top;\nheight:15px;\nmin-height:15px;\nbackground-color:#2a3439;\n}\n.responsive #top #wrap_all .flex_cell.av-2huzgd-3542b030485b26a92a123b26d169ce2b{\npadding:0px 0px 0px 0px !important;\n}\n<\/style>\n<div class='flex_cell av-2huzgd-3542b030485b26a92a123b26d169ce2b av-gridrow-cell av_one_fourth no_margin  avia-builder-el-18  el_after_av_cell_one_fourth  avia-builder-el-last  content-align-top av-zero-padding'  ><div class='flex_cell_inner'><\/div><\/div>\n<\/div><\/p>\n","protected":false},"excerpt":{"rendered":"","protected":false},"author":1,"featured_media":0,"parent":0,"menu_order":5,"comment_status":"closed","ping_status":"closed","template":"","meta":{"footnotes":""},"class_list":["post-1453","page","type-page","status-publish","hentry"],"yoast_head":"<!-- This site is optimized with the Yoast SEO plugin v27.3 - https:\/\/yoast.com\/product\/yoast-seo-wordpress\/ -->\n<title>Pieteikt konsult\u0101ciju - D\u0101rzs Tev<\/title>\n<meta name=\"robots\" content=\"noindex, follow, max-snippet:-1, max-image-preview:large, max-video-preview:-1\" \/>\n<meta property=\"og:locale\" content=\"en_US\" \/>\n<meta property=\"og:type\" content=\"article\" \/>\n<meta property=\"og:title\" content=\"Pieteikt konsult\u0101ciju - D\u0101rzs Tev\" \/>\n<meta property=\"og:url\" content=\"https:\/\/darzstev.lv\/lv\/pieteikt-konsultaciju\/\" \/>\n<meta property=\"og:site_name\" content=\"D\u0101rzs Tev\" \/>\n<meta property=\"article:modified_time\" content=\"2026-04-09T07:29:02+00:00\" \/>\n<meta name=\"twitter:card\" content=\"summary_large_image\" \/>\n<meta name=\"twitter:label1\" content=\"Est. reading time\" \/>\n\t<meta name=\"twitter:data1\" content=\"1 minute\" \/>\n<script type=\"application\/ld+json\" class=\"yoast-schema-graph\">{\"@context\":\"https:\\\/\\\/schema.org\",\"@graph\":[{\"@type\":\"WebPage\",\"@id\":\"https:\\\/\\\/darzstev.lv\\\/lv\\\/pieteikt-konsultaciju\\\/\",\"url\":\"https:\\\/\\\/darzstev.lv\\\/lv\\\/pieteikt-konsultaciju\\\/\",\"name\":\"Pieteikt konsult\u0101ciju - D\u0101rzs Tev\",\"isPartOf\":{\"@id\":\"https:\\\/\\\/darzstev.lv\\\/lv\\\/#website\"},\"datePublished\":\"2026-02-04T15:35:54+00:00\",\"dateModified\":\"2026-04-09T07:29:02+00:00\",\"breadcrumb\":{\"@id\":\"https:\\\/\\\/darzstev.lv\\\/lv\\\/pieteikt-konsultaciju\\\/#breadcrumb\"},\"inLanguage\":\"en-US\",\"potentialAction\":[{\"@type\":\"ReadAction\",\"target\":[\"https:\\\/\\\/darzstev.lv\\\/lv\\\/pieteikt-konsultaciju\\\/\"]}]},{\"@type\":\"BreadcrumbList\",\"@id\":\"https:\\\/\\\/darzstev.lv\\\/lv\\\/pieteikt-konsultaciju\\\/#breadcrumb\",\"itemListElement\":[{\"@type\":\"ListItem\",\"position\":1,\"name\":\"Home\",\"item\":\"https:\\\/\\\/darzstev.lv\\\/lv\\\/\"},{\"@type\":\"ListItem\",\"position\":2,\"name\":\"Pieteikt konsult\u0101ciju\"}]},{\"@type\":\"WebSite\",\"@id\":\"https:\\\/\\\/darzstev.lv\\\/lv\\\/#website\",\"url\":\"https:\\\/\\\/darzstev.lv\\\/lv\\\/\",\"name\":\"D\u0101rzs Tev\",\"description\":\"D\u0101rza dizaina projekti\",\"publisher\":{\"@id\":\"https:\\\/\\\/darzstev.lv\\\/lv\\\/#organization\"},\"potentialAction\":[{\"@type\":\"SearchAction\",\"target\":{\"@type\":\"EntryPoint\",\"urlTemplate\":\"https:\\\/\\\/darzstev.lv\\\/lv\\\/?s={search_term_string}\"},\"query-input\":{\"@type\":\"PropertyValueSpecification\",\"valueRequired\":true,\"valueName\":\"search_term_string\"}}],\"inLanguage\":\"en-US\"},{\"@type\":\"Organization\",\"@id\":\"https:\\\/\\\/darzstev.lv\\\/lv\\\/#organization\",\"name\":\"D\u0101rzs Tev\",\"url\":\"https:\\\/\\\/darzstev.lv\\\/lv\\\/\",\"logo\":{\"@type\":\"ImageObject\",\"inLanguage\":\"en-US\",\"@id\":\"https:\\\/\\\/darzstev.lv\\\/lv\\\/#\\\/schema\\\/logo\\\/image\\\/\",\"url\":\"https:\\\/\\\/darzstev.lv\\\/lv\\\/wp-content\\\/uploads\\\/2026\\\/01\\\/DDprojekti_rgb.png\",\"contentUrl\":\"https:\\\/\\\/darzstev.lv\\\/lv\\\/wp-content\\\/uploads\\\/2026\\\/01\\\/DDprojekti_rgb.png\",\"width\":1418,\"height\":840,\"caption\":\"D\u0101rzs Tev\"},\"image\":{\"@id\":\"https:\\\/\\\/darzstev.lv\\\/lv\\\/#\\\/schema\\\/logo\\\/image\\\/\"}}]}<\/script>\n<!-- \/ Yoast SEO plugin. -->","yoast_head_json":{"title":"Pieteikt konsult\u0101ciju - D\u0101rzs Tev","robots":{"index":"noindex","follow":"follow","max-snippet":"max-snippet:-1","max-image-preview":"max-image-preview:large","max-video-preview":"max-video-preview:-1"},"og_locale":"en_US","og_type":"article","og_title":"Pieteikt konsult\u0101ciju - D\u0101rzs Tev","og_url":"https:\/\/darzstev.lv\/lv\/pieteikt-konsultaciju\/","og_site_name":"D\u0101rzs Tev","article_modified_time":"2026-04-09T07:29:02+00:00","twitter_card":"summary_large_image","twitter_misc":{"Est. reading time":"1 minute"},"schema":{"@context":"https:\/\/schema.org","@graph":[{"@type":"WebPage","@id":"https:\/\/darzstev.lv\/lv\/pieteikt-konsultaciju\/","url":"https:\/\/darzstev.lv\/lv\/pieteikt-konsultaciju\/","name":"Pieteikt konsult\u0101ciju - D\u0101rzs Tev","isPartOf":{"@id":"https:\/\/darzstev.lv\/lv\/#website"},"datePublished":"2026-02-04T15:35:54+00:00","dateModified":"2026-04-09T07:29:02+00:00","breadcrumb":{"@id":"https:\/\/darzstev.lv\/lv\/pieteikt-konsultaciju\/#breadcrumb"},"inLanguage":"en-US","potentialAction":[{"@type":"ReadAction","target":["https:\/\/darzstev.lv\/lv\/pieteikt-konsultaciju\/"]}]},{"@type":"BreadcrumbList","@id":"https:\/\/darzstev.lv\/lv\/pieteikt-konsultaciju\/#breadcrumb","itemListElement":[{"@type":"ListItem","position":1,"name":"Home","item":"https:\/\/darzstev.lv\/lv\/"},{"@type":"ListItem","position":2,"name":"Pieteikt konsult\u0101ciju"}]},{"@type":"WebSite","@id":"https:\/\/darzstev.lv\/lv\/#website","url":"https:\/\/darzstev.lv\/lv\/","name":"D\u0101rzs Tev","description":"D\u0101rza dizaina projekti","publisher":{"@id":"https:\/\/darzstev.lv\/lv\/#organization"},"potentialAction":[{"@type":"SearchAction","target":{"@type":"EntryPoint","urlTemplate":"https:\/\/darzstev.lv\/lv\/?s={search_term_string}"},"query-input":{"@type":"PropertyValueSpecification","valueRequired":true,"valueName":"search_term_string"}}],"inLanguage":"en-US"},{"@type":"Organization","@id":"https:\/\/darzstev.lv\/lv\/#organization","name":"D\u0101rzs Tev","url":"https:\/\/darzstev.lv\/lv\/","logo":{"@type":"ImageObject","inLanguage":"en-US","@id":"https:\/\/darzstev.lv\/lv\/#\/schema\/logo\/image\/","url":"https:\/\/darzstev.lv\/lv\/wp-content\/uploads\/2026\/01\/DDprojekti_rgb.png","contentUrl":"https:\/\/darzstev.lv\/lv\/wp-content\/uploads\/2026\/01\/DDprojekti_rgb.png","width":1418,"height":840,"caption":"D\u0101rzs Tev"},"image":{"@id":"https:\/\/darzstev.lv\/lv\/#\/schema\/logo\/image\/"}}]}},"_links":{"self":[{"href":"https:\/\/darzstev.lv\/lv\/wp-json\/wp\/v2\/pages\/1453","targetHints":{"allow":["GET"]}}],"collection":[{"href":"https:\/\/darzstev.lv\/lv\/wp-json\/wp\/v2\/pages"}],"about":[{"href":"https:\/\/darzstev.lv\/lv\/wp-json\/wp\/v2\/types\/page"}],"author":[{"embeddable":true,"href":"https:\/\/darzstev.lv\/lv\/wp-json\/wp\/v2\/users\/1"}],"replies":[{"embeddable":true,"href":"https:\/\/darzstev.lv\/lv\/wp-json\/wp\/v2\/comments?post=1453"}],"version-history":[{"count":18,"href":"https:\/\/darzstev.lv\/lv\/wp-json\/wp\/v2\/pages\/1453\/revisions"}],"predecessor-version":[{"id":1990,"href":"https:\/\/darzstev.lv\/lv\/wp-json\/wp\/v2\/pages\/1453\/revisions\/1990"}],"wp:attachment":[{"href":"https:\/\/darzstev.lv\/lv\/wp-json\/wp\/v2\/media?parent=1453"}],"curies":[{"name":"wp","href":"https:\/\/api.w.org\/{rel}","templated":true}]}}